{"id":10,"date":"2019-01-28T20:31:00","date_gmt":"2019-01-28T20:31:00","guid":{"rendered":"https:\/\/sar.msku.de\/?page_id=10"},"modified":"2024-06-21T22:25:34","modified_gmt":"2024-06-21T20:25:34","slug":"impressum","status":"publish","type":"page","link":"https:\/\/shop.darkk.band\/en\/impressum\/","title":{"rendered":"Impressum"},"content":{"rendered":"<h1>Impressum<\/h1>\n<h2 id=\"m46\">Diensteanbieter<\/h2>\n<p>Malik Aziz<br \/>\nStephanstr. 43-45<br \/>\n52064 Aachen<br \/>\n<span style=\"font-size: revert;\">Deutschland<\/span><\/p>\n<h2 id=\"m56\">Kontaktm\u00f6glichkeiten<\/h2>\n<p>E-Mail-Adresse: <a href=\"mailto:malik@darkk.band\">malik@darkk.band<\/a><\/p>\n<h2 id=\"m58\">Angaben zum Unternehmen<\/h2>\n<p>Umsatzsteuer Identifikationsnummer (USt-ID): DE206282439<\/p>\n<h2 id=\"m72\">Berufshaftpflichtversicherung<\/h2>\n<h2 id=\"m174\">Streitschlichtung und Verbraucherstreitbeilegung<\/h2>\n<p>Wir sind nicht bereit und nicht verpflichtet an einem Streitbeilegungsverfahren vor einer Verbraucherstreitschlichtungsstelle teilzunehmen.<\/p>\n<h2 id=\"m172\">Social Media und andere Onlinepr\u00e4senzen<\/h2>\n<p>Dieses Impressum gilt auch f\u00fcr die folgenden Social-Media-Pr\u00e4senzen und Onlineprofile:<\/p>\n<p><a href=\"https:\/\/instagram.com\/darkk.band\" target=\"_blank\" rel=\"noopener\">https:\/\/instagram.com\/darkk.band<\/a><\/p>\n<p><a href=\"https:\/\/www.tiktok.com\/@darkk.band\" target=\"_blank\" rel=\"noopener\">https:\/\/www.tiktok.com\/@darkk.band<\/a><\/p>\n<p><a href=\"https:\/\/www.threads.net\/@darkk.band\" target=\"_blank\" rel=\"noopener\">https:\/\/www.threads.net\/@darkk.band<\/a><\/p>\n<h2 id=\"m65\">Haftungs- und Schutzrechtshinweise<\/h2>\n<p>Haftungsausschluss: Die Inhalte dieses Onlineangebotes wurden sorgf\u00e4ltig und nach unserem aktuellen Kenntnisstand erstellt, dienen jedoch nur der Information und entfalten keine rechtlich bindende Wirkung, sofern es sich nicht um gesetzlich verpflichtende Informationen (z.\u00a0B. das Impressum, die Datenschutzerkl\u00e4rung, AGB oder verpflichtende Belehrungen von Verbrauchern) handelt. Wir behalten uns vor, die Inhalte vollst\u00e4ndig oder teilweise zu \u00e4ndern oder zu l\u00f6schen, soweit vertragliche Verpflichtungen unber\u00fchrt bleiben. Alle Angebote sind freibleibend und unverbindlich.<\/p>\n<p>Links auf fremde Webseiten: Die Inhalte fremder Webseiten, auf die wir direkt oder indirekt verweisen, liegen au\u00dferhalb unseres Verantwortungsbereiches und wir machen sie uns nicht zu Eigen. F\u00fcr alle Inhalte und Nachteile, die aus der Nutzung der in den verlinkten Webseiten aufrufbaren Informationen entstehen, \u00fcbernehmen wir keine Verantwortung.<\/p>\n<p>Urheberrechte und Markenrechte: Alle auf dieser Website dargestellten Inhalte, wie Texte, Fotografien, Grafiken, Marken und Warenzeichen sind durch die jeweiligen Schutzrechte (Urheberrechte, Markenrechte) gesch\u00fctzt. Die Verwendung, Vervielf\u00e4ltigung usw. unterliegen unseren Rechten oder den Rechten der jeweiligen Urheber bzw. Rechteinhaber.<\/p>\n<p>Hinweise auf Rechtsverst\u00f6\u00dfe: Sollten Sie innerhalb unseres Internetauftritts Rechtsverst\u00f6\u00dfe bemerken, bitten wir Sie uns auf diese hinzuweisen. Wir werden rechtswidrige Inhalte und Links nach Kenntnisnahme unverz\u00fcglich entfernen.<\/p>\n<p class=\"seal\"><a title=\"Rechtstext von Dr. Schwenke - f\u00fcr weitere Informationen bitte anklicken.\" href=\"https:\/\/datenschutz-generator.de\/\" target=\"_blank\" rel=\"noopener noreferrer nofollow\">Erstellt mit kostenlosem Datenschutz-Generator.de von Dr. Thomas Schwenke<\/a><\/p>\n","protected":false},"excerpt":{"rendered":"<p>Impressum Diensteanbieter Malik Aziz Stephanstr. 43-45 52064 Aachen Deutschland Kontaktm\u00f6glichkeiten E-Mail-Adresse: malik@darkk.band Angaben zum Unternehmen Umsatzsteuer Identifikationsnummer (USt-ID): DE206282439 Berufshaftpflichtversicherung Streitschlichtung und Verbraucherstreitbeilegung Wir sind nicht bereit und nicht verpflichtet an einem Streitbeilegungsverfahren vor einer Verbraucherstreitschlichtungsstelle teilzunehmen. Social Media und andere Onlinepr\u00e4senzen Dieses Impressum gilt auch f\u00fcr die folgenden Social-Media-Pr\u00e4senzen und Onlineprofile: https:\/\/instagram.com\/darkk.band https:\/\/www.tiktok.com\/@darkk.band https:\/\/www.threads.net\/@darkk.band [&hellip;]<\/p>\n","protected":false},"author":1,"featured_media":0,"parent":0,"menu_order":0,"comment_status":"closed","ping_status":"closed","template":"","meta":{"jetpack_post_was_ever_published":false,"footnotes":""},"class_list":["post-10","page","type-page","status-publish","hentry"],"jetpack_sharing_enabled":true,"jetpack-related-posts":[{"id":11,"url":"https:\/\/shop.darkk.band\/en\/agb\/","url_meta":{"origin":10,"position":0},"title":"AGB","author":"admin","date":"January 28, 2019","format":false,"excerpt":"[:de]**Allgemeine Gesch\u00e4ftsbedingungen von Malik Aziz** **Allgemeines, Geltungsbereich der AGB** Alle Lieferungen und Leistungen erfolgen ausschlie\u00dflich auf der Grundlage der nachfolgenden Allgemeinen Gesch\u00e4ftsbedingungen (nachfolgend \u201eAGB\u201c) in ihrer zum Zeitpunkt der Bestellung g\u00fcltigen Fassung. Im Bereich des kaufm\u00e4nnischen Gesch\u00e4ftsverkehrs erkennen wir abweichende Bedingungen nicht an, es sei denn, wir h\u00e4tten ausdr\u00fccklich schriftlich\u2026","rel":"","context":"Similar post","block_context":{"text":"Similar post","link":""},"img":{"alt_text":"","src":"","width":0,"height":0},"classes":[]},{"id":12,"url":"https:\/\/shop.darkk.band\/en\/widerrufsbelehrung\/","url_meta":{"origin":10,"position":1},"title":"Instructions on withdrawal","author":"admin","date":"January 28, 2019","format":false,"excerpt":"[:en] Right of withdrawal You have the right to withdraw from this contract within 14 days without giving any reason. The withdrawal period will expire after 14 days from the day on which you acquire, or a third party other than the carrier and indicated by you acquires, physical possession\u2026","rel":"","context":"Similar post","block_context":{"text":"Similar post","link":""},"img":{"alt_text":"","src":"","width":0,"height":0},"classes":[]},{"id":5,"url":"https:\/\/shop.darkk.band\/en\/","url_meta":{"origin":10,"position":2},"title":"Shop","author":"admin","date":"January 28, 2019","format":false,"excerpt":"","rel":"","context":"Similar post","block_context":{"text":"Similar post","link":""},"img":{"alt_text":"","src":"","width":0,"height":0},"classes":[]},{"id":6,"url":"https:\/\/shop.darkk.band\/en\/warenkorb\/","url_meta":{"origin":10,"position":3},"title":"Warenkorb","author":"admin","date":"January 28, 2019","format":false,"excerpt":"","rel":"","context":"Similar post","block_context":{"text":"Similar post","link":""},"img":{"alt_text":"","src":"","width":0,"height":0},"classes":[]},{"id":7,"url":"https:\/\/shop.darkk.band\/en\/kasse\/","url_meta":{"origin":10,"position":4},"title":"Kasse","author":"admin","date":"January 28, 2019","format":false,"excerpt":"","rel":"","context":"Similar post","block_context":{"text":"Similar post","link":""},"img":{"alt_text":"","src":"","width":0,"height":0},"classes":[]},{"id":8,"url":"https:\/\/shop.darkk.band\/en\/mein-konto\/","url_meta":{"origin":10,"position":5},"title":"Mein Konto","author":"admin","date":"January 28, 2019","format":false,"excerpt":"","rel":"","context":"Similar post","block_context":{"text":"Similar post","link":""},"img":{"alt_text":"","src":"","width":0,"height":0},"classes":[]}],"_links":{"self":[{"href":"https:\/\/shop.darkk.band\/en\/wp-json\/wp\/v2\/pages\/10","targetHints":{"allow":["GET"]}}],"collection":[{"href":"https:\/\/shop.darkk.band\/en\/wp-json\/wp\/v2\/pages"}],"about":[{"href":"https:\/\/shop.darkk.band\/en\/wp-json\/wp\/v2\/types\/page"}],"author":[{"embeddable":true,"href":"https:\/\/shop.darkk.band\/en\/wp-json\/wp\/v2\/users\/1"}],"replies":[{"embeddable":true,"href":"https:\/\/shop.darkk.band\/en\/wp-json\/wp\/v2\/comments?post=10"}],"version-history":[{"count":3,"href":"https:\/\/shop.darkk.band\/en\/wp-json\/wp\/v2\/pages\/10\/revisions"}],"predecessor-version":[{"id":13389,"href":"https:\/\/shop.darkk.band\/en\/wp-json\/wp\/v2\/pages\/10\/revisions\/13389"}],"wp:attachment":[{"href":"https:\/\/shop.darkk.band\/en\/wp-json\/wp\/v2\/media?parent=10"}],"curies":[{"name":"wp","href":"https:\/\/api.w.org\/{rel}","templated":true}]}}