{"id":11,"date":"2019-01-28T20:31:00","date_gmt":"2019-01-28T20:31:00","guid":{"rendered":"https:\/\/sar.msku.de\/?page_id=11"},"modified":"2024-06-21T22:26:17","modified_gmt":"2024-06-21T20:26:17","slug":"agb","status":"publish","type":"page","link":"https:\/\/shop.darkk.band\/en\/agb\/","title":{"rendered":"AGB"},"content":{"rendered":"<p>**Allgemeine Gesch\u00e4ftsbedingungen von Malik Aziz**<\/p>\n<p>**Allgemeines, Geltungsbereich der AGB**<\/p>\n<p>Alle Lieferungen und Leistungen erfolgen ausschlie\u00dflich auf der Grundlage der nachfolgenden Allgemeinen Gesch\u00e4ftsbedingungen (nachfolgend \u201eAGB\u201c) in ihrer zum Zeitpunkt der Bestellung g\u00fcltigen Fassung. Im Bereich des kaufm\u00e4nnischen Gesch\u00e4ftsverkehrs erkennen wir abweichende Bedingungen nicht an, es sei denn, wir h\u00e4tten ausdr\u00fccklich schriftlich ihrer Geltung zugestimmt.<\/p>\n<p>Vertragspartner ist Malik Aziz, Stephanstra\u00dfe 43-45, 52064 Aachen, Ust-ID DE206282439 (nachfolgend \u201eVerk\u00e4ufer\u201c).<\/p>\n<p>Kunde im Sinne dieser Gesch\u00e4ftsbedingungen k\u00f6nnen sowohl Verbraucher als auch Unternehmer sein (nachfolgend \u201eKunde\u201c). Verbraucher im Sinne der Gesch\u00e4ftsbedingungen sind nat\u00fcrliche Personen, die Vertr\u00e4ge \u00fcberwiegend zu einem Zweck abschlie\u00dfen, der weder ihrer gewerblichen noch ihrer beruflichen T\u00e4tigkeit zugerechnet werden kann. Unternehmer im Sinne der Gesch\u00e4ftsbedingungen sind nat\u00fcrliche oder juristische Personen oder rechtsf\u00e4hige Personengesellschaften, die bei Vertragsschluss mit dem Verk\u00e4ufer in Aus\u00fcbung ihrer gewerblichen oder selbst\u00e4ndigen beruflichen T\u00e4tigkeit handeln.<\/p>\n<p>**Vertragsschluss, Zustandekommen des Vertrags**<\/p>\n<p>Sie k\u00f6nnen in unserem Onlineshop, aber auch per E-Mail bei uns bestellen. Die Angebote und Artikelpr\u00e4sentationen stellen kein bindendes Angebot dar. Erst Ihre Bestellung ist ein bindendes Angebot nach \u00a7 145 B\u00fcrgerliches Gesetzbuch (BGB) an uns, welches wir annehmen k\u00f6nnen. Nach Eingang Ihrer Bestellung \u00fcbermitteln wir Ihnen zun\u00e4chst eine Bestell-Eingangsbest\u00e4tigung per E-Mail. Bei Annahme Ihrer Bestellung durch uns erhalten Sie innerhalb von 48 Stunden nach Erhalt Ihrer Bestellung eine Auftragsbest\u00e4tigung per E-Mail, mit der der Vertrag zustande kommt.<\/p>\n<p>Bei der Bestellung \u00fcber unseren Onlineshop k\u00f6nnen Sie jeden Artikel unverbindlich durch Anklicken des Produktnamens oder des Produktbildes genauer ansehen. Durch Anklicken des Buttons [In den Warenkorb] oder [Jetzt kaufen] k\u00f6nnen Sie den Artikel in den Warenkorb legen. Den Inhalt des Warenkorbs k\u00f6nnen Sie durch Anklicken des Buttons [Warenkorb] unverbindlich ansehen. Die Produkte k\u00f6nnen Sie durch Anklicken der Grafik f\u00fcr \u201eEntfernen\u201c wieder aus dem Warenkorb entfernen oder \u00fcber die Anzahl der Artikel \u00e4ndern. Wenn Sie die Produkte im Warenkorb kaufen wollen, klicken Sie in der Seite \u201eWarenkorb\u201c auf den Button [Kasse].<\/p>\n<p>Im Verlauf des weiteren Online-Bestellvorgangs richten Sie bei Ihrem erstmaligen Einkauf ein Kundenkonto bei uns ein und geben die Versand- und Zahlungsinformationen ein. Im letzten Schritt erhalten Sie unter \u201eBestell\u00fcbersicht\u201c nochmals eine \u00dcbersicht \u00fcber Ihre Bestelldaten und k\u00f6nnen alle Angaben nochmals \u00fcberpr\u00fcfen. Eingabefehler k\u00f6nnen Sie auch dadurch berichtigen, dass Sie im Browser r\u00fcckw\u00e4rts navigieren oder den Bestellvorgang abbrechen und von vorn beginnen. Um den Einkauf abzuschlie\u00dfen, bet\u00e4tigen Sie den Button [Jetzt zahlungspflichtig bestellen]. Damit versenden Sie die Bestellung an uns.<\/p>\n<p>**Speicherung des Vertragstextes**<\/p>\n<p>Wir speichern Ihre Bestellung, den Vertragstext und die eingegebenen Bestelldaten. Wir senden Ihnen per E-Mail eine Bestellbest\u00e4tigung und anschlie\u00dfend eine Auftragsbest\u00e4tigung mit allen Bestelldaten zu. Auch haben Sie die M\u00f6glichkeit, sowohl die Bestellung als auch die Allgemeinen Gesch\u00e4ftsbedingungen vor dem Absenden der Bestellung an uns auszudrucken. Schlie\u00dflich haben Sie \u00fcber Ihr Kundenkonto jederzeit Zugriff auf die von Ihnen get\u00e4tigten Bestellungen.<\/p>\n<p>**Widerrufsrecht f\u00fcr Verbraucher**<\/p>\n<p>Das folgende Widerrufsrecht besteht nur f\u00fcr Verbraucher im Fernabsatz:<\/p>\n<p>**Widerrufsbelehrung**<\/p>\n<p>**Widerrufsrecht**<\/p>\n<p>Sie haben das Recht, binnen vierzehn Tagen ohne Angabe von Gr\u00fcnden diesen Vertrag zu widerrufen.<\/p>\n<p>Die Widerrufsfrist betr\u00e4gt vierzehn Tage ab dem Tag, an dem Sie oder ein von Ihnen benannter Dritter, der nicht der Bef\u00f6rderer ist, die Waren in Besitz genommen haben bzw. hat.<\/p>\n<p>Um Ihr Widerrufsrecht auszu\u00fcben, m\u00fcssen Sie uns (Malik Aziz, Stephanstra\u00dfe 43-45, 52064 Aachen, E-Mail: malik@darkk.band) mittels einer eindeutigen Erkl\u00e4rung (z. B. ein mit der Post versandter Brief oder E-Mail) \u00fcber Ihren Entschluss, diesen Vertrag zu widerrufen, informieren. Sie k\u00f6nnen daf\u00fcr das beigef\u00fcgte Muster-Widerrufsformular verwenden, das jedoch nicht vorgeschrieben ist.<\/p>\n<p>Zur Wahrung der Widerrufsfrist reicht es aus, dass Sie die Mitteilung \u00fcber die Aus\u00fcbung des Widerrufsrechts vor Ablauf der Widerrufsfrist absenden.<\/p>\n<p>**Folgen des Widerrufs**<\/p>\n<p>Wenn Sie diesen Vertrag widerrufen, haben wir Ihnen alle Zahlungen, die wir von Ihnen erhalten haben, einschlie\u00dflich der Lieferkosten (mit Ausnahme der zus\u00e4tzlichen Kosten, die sich daraus ergeben, dass Sie eine andere Art der Lieferung als die von uns angebotene, g\u00fcnstigste Standardlieferung gew\u00e4hlt haben), unverz\u00fcglich und sp\u00e4testens binnen vierzehn Tagen ab dem Tag zur\u00fcckzuzahlen, an dem die Mitteilung \u00fcber Ihren Widerruf dieses Vertrags bei uns eingegangen ist. F\u00fcr diese R\u00fcckzahlung verwenden wir dasselbe Zahlungsmittel, das Sie bei der urspr\u00fcnglichen Transaktion eingesetzt haben, es sei denn, mit Ihnen wurde ausdr\u00fccklich etwas anderes vereinbart; in keinem Fall werden Ihnen wegen dieser R\u00fcckzahlung Entgelte berechnet. Wir k\u00f6nnen die R\u00fcckzahlung verweigern, bis wir die Waren wieder zur\u00fcckerhalten haben oder bis Sie den Nachweis erbracht haben, dass Sie die Waren zur\u00fcckgesandt haben, je nachdem, welches der fr\u00fchere Zeitpunkt ist.<\/p>\n<p>Sie haben die Waren unverz\u00fcglich und in jedem Fall sp\u00e4testens binnen vierzehn Tagen ab dem Tag, an dem Sie uns \u00fcber den Widerruf dieses Vertrags unterrichten, an uns zur\u00fcckzusenden oder zu \u00fcbergeben. Die Frist ist gewahrt, wenn Sie die Waren vor Ablauf der Frist von vierzehn Tagen absenden. Sie tragen die unmittelbaren Kosten der R\u00fccksendung der Waren.<\/p>\n<p>Sie m\u00fcssen f\u00fcr einen etwaigen Wertverlust der Waren nur aufkommen, wenn dieser Wertverlust auf einen zur Pr\u00fcfung der Beschaffenheit, Eigenschaften und Funktionsweise der Waren nicht notwendigen Umgang mit ihnen zur\u00fcckzuf\u00fchren ist.<\/p>\n<p>**Muster-Widerrufsformular**<\/p>\n<p>(Wenn Sie den Vertrag widerrufen wollen, dann f\u00fcllen Sie bitte dieses Formular aus und senden Sie es zur\u00fcck.)<\/p>\n<p>An<br \/>\nMalik Aziz<br \/>\nStephanstra\u00dfe 43-45<br \/>\n52064 Aachen<\/p>\n<p>E-Mail: malik@darkk.band<\/p>\n<p>Hiermit widerrufe(n) ich\/wir (*) den von mir\/uns (*) abgeschlossenen Vertrag \u00fcber den Kauf der folgenden Waren (*)\/die Erbringung der folgenden Dienstleistung (*)<\/p>\n<p>Bestellt am (*)\/erhalten am (*)<br \/>\nName des\/der Verbraucher(s)<br \/>\nAnschrift des\/der Verbraucher(s)<\/p>\n<p>Unterschrift des\/der Verbraucher(s) (nur bei Mitteilung auf Papier)<br \/>\nDatum<\/p>\n<p>(*) Unzutreffendes streichen.<\/p>\n<p>**Preise und Versandkosten**<\/p>\n<p>Alle Preise gelten inklusive der gesetzlichen Mehrwertsteuer zuz\u00fcglich Versandkosten. Der Versand erfolgt per DHL. Die Liefer- und Versandkosten betragen pauschal 6,00 EUR innerhalb Deutschlands, ab 18 Flaschen erfolgt die Lieferung versandkostenfrei.<\/p>\n<p>F\u00fcr Lieferungen nach Europa betragen die Versandkosten pauschal 12,00 EUR.<\/p>\n<p>**Lieferbedingungen**<\/p>\n<p>Wir liefern innerhalb Deutschlands und Europa. Beim Versand wird die Ware, sofern nicht beim Angebot anders angegeben, innerhalb von 2 Werktagen nach Zahlungseingang in den Versand gebracht.<\/p>\n<p>**Zahlungsbedingungen**<\/p>\n<p>Die Zahlung erfolgt wahlweise per Vorkasse durch Vorab-\u00dcberweisung oder per PayPal. Bei Wahl der Zahlungsart Vorkasse nennen wir Ihnen unsere Bankverbindung in der Auftragsbest\u00e4tigung. Der Rechnungsbetrag ist binnen 10 Tagen auf unser Konto zu \u00fcberweisen.<\/p>\n<p>Ein Recht zur Aufrechnung steht Ihnen nur zu, wenn Ihre Gegenanspr\u00fcche rechtskr\u00e4ftig festgestellt oder von uns unbestritten oder anerkannt sind. Zur Aus\u00fcbung eines Zur\u00fcckbehaltungsrechts sind Sie nur insoweit befugt, als Ihr Gegenanspruch auf dem gleichen Vertragsverh\u00e4ltnis beruht.<\/p>\n<p>**Eigentumsvorbehalt**<\/p>\n<p>Die Ware bleibt bis zur vollst\u00e4ndigen Bezahlung unser Eigentum.<\/p>\n<p>F\u00fcr Unternehmer gilt erg\u00e4nzend: Wir behalten uns das Eigentum an der Ware bis zur vollst\u00e4ndigen Begleichung aller Forderungen aus einer laufenden Gesch\u00e4ftsbeziehung vor. Sie d\u00fcrfen die Vorbehaltsware im ordentlichen Gesch\u00e4ftsbetrieb weiterver\u00e4u\u00dfern; alle aus diesem Weiterverkauf entstehenden Forderungen treten Sie an uns ab.<\/p>\n<p>**Gew\u00e4hrleistung**<\/p>\n<p>Wenn Sie Verbraucher sind und die Bestellung bei Malik Aziz zu einem Zweck vornehmen, der weder Ihrer gewerblichen noch Ihrer beruflichen T\u00e4tigkeit zugerechnet werden kann, erfolgt die Gew\u00e4hrleistung nach den gesetzlichen Bestimmungen.<\/p>\n<p>Wenn Sie Ihre Bestellung bei uns als Unternehmer vornehmen, gilt folgendes:<br \/>\nGelieferte Waren sind vom Kunden, soweit dies nach ordnungsm\u00e4\u00dfigem Gesch\u00e4ftsgange tunlich ist, unverz\u00fcglich nach Ablieferung zu untersuchen. Wenn sich ein Mangel zeigt, ist uns unverz\u00fcglich Anzeige zu machen. Unterl\u00e4sst der Kunde die Anzeige, so gilt die Ware als genehmigt, es sei denn, dass es sich um einen Mangel handelt, der bei der Untersuchung nicht erkennbar war. Zeigt sich sp\u00e4ter ein solcher Mangel, so muss die Anzeige unverz\u00fcglich nach der Entdeckung gemacht werden, anderenfalls gilt die Ware auch in Ansehung dieses Mangels als genehmigt. \u00a7 377 HGB bleibt unber\u00fchrt. Seiner Untersuchungspflicht ist der Kunde auch im Falle des R\u00fcckgriffes des Unternehmers nach \u00a7 478 BGB nicht enthoben. Zeigt er in solchen F\u00e4llen<\/p>\n<p>den von ihm in Anspruch genommenen Gew\u00e4hrleistungsfall unverz\u00fcglich an, so gilt auch in diesem Falle die Ware als genehmigt.<\/p>\n<p>Die Gew\u00e4hrleistungsfrist betr\u00e4gt ein Jahr ab Ablieferung der Ware.<\/p>\n<p>**Haftung**<\/p>\n<p>Unbeschr\u00e4nkte Haftung: Wir haften unbeschr\u00e4nkt f\u00fcr Vorsatz und grobe Fahrl\u00e4ssigkeit sowie nach Ma\u00dfgabe des Produkthaftungsgesetzes. F\u00fcr leichte Fahrl\u00e4ssigkeit haften wir bei Sch\u00e4den aus der Verletzung des Lebens, des K\u00f6rpers und der Gesundheit von Personen.<\/p>\n<p>Im \u00dcbrigen gilt folgende beschr\u00e4nkte Haftung: Bei leichter Fahrl\u00e4ssigkeit haften wir nur im Falle der Verletzung einer wesentlichen Vertragspflicht. Wesentliche Vertragspflichten sind solche, deren Erf\u00fcllung die ordnungsgem\u00e4\u00dfe Durchf\u00fchrung des Vertrags \u00fcberhaupt erst erm\u00f6glicht und auf deren Einhaltung der Vertragspartner regelm\u00e4\u00dfig vertrauen darf. Die Haftung f\u00fcr leichte Fahrl\u00e4ssigkeit ist der H\u00f6he nach beschr\u00e4nkt auf die bei Vertragsschluss vorhersehbaren Sch\u00e4den, mit deren Entstehung typischerweise gerechnet werden muss.<\/p>\n<p>**Schlussbestimmungen**<\/p>\n<p>Sollten eine oder mehrere Bestimmungen dieser AGB unwirksam sein oder werden, bleibt die Wirksamkeit der \u00fcbrigen Bestimmungen hiervon unber\u00fchrt.<\/p>\n<p>F\u00fcr den Fall, dass der Kunde Kaufmann, juristische Person des \u00f6ffentlichen Rechts oder \u00f6ffentlich-rechtliches Sonderverm\u00f6gen ist, wird Aachen als ausschlie\u00dflicher Gerichtsstand vereinbart. Das gleiche gilt, wenn der Kunde keinen allgemeinen Gerichtsstand in Deutschland hat oder Wohnsitz oder gew\u00f6hnlicher Aufenthalt im Zeitpunkt der Klageerhebung nicht bekannt sind.<\/p>\n<p>Es gilt deutsches Recht unter Ausschluss des UN-Kaufrechts (CISG).<\/p>\n","protected":false},"excerpt":{"rendered":"<p>**Allgemeine Gesch\u00e4ftsbedingungen von Malik Aziz** **Allgemeines, Geltungsbereich der AGB** Alle Lieferungen und Leistungen erfolgen ausschlie\u00dflich auf der Grundlage der nachfolgenden Allgemeinen Gesch\u00e4ftsbedingungen (nachfolgend \u201eAGB\u201c) in ihrer zum Zeitpunkt der Bestellung g\u00fcltigen Fassung. Im Bereich des kaufm\u00e4nnischen Gesch\u00e4ftsverkehrs erkennen wir abweichende Bedingungen nicht an, es sei denn, wir h\u00e4tten ausdr\u00fccklich schriftlich ihrer Geltung zugestimmt. Vertragspartner ist [&hellip;]<\/p>\n","protected":false},"author":1,"featured_media":0,"parent":0,"menu_order":0,"comment_status":"closed","ping_status":"closed","template":"","meta":{"jetpack_post_was_ever_published":false,"footnotes":""},"class_list":["post-11","page","type-page","status-publish","hentry"],"jetpack_sharing_enabled":true,"jetpack-related-posts":[{"id":10,"url":"https:\/\/shop.darkk.band\/en\/impressum\/","url_meta":{"origin":11,"position":0},"title":"Impressum","author":"admin","date":"January 28, 2019","format":false,"excerpt":"[:de]Impressum Diensteanbieter Malik Aziz Stephanstr. 43-45 52064 Aachen Deutschland Kontaktm\u00f6glichkeiten E-Mail-Adresse: malik@darkk.band Angaben zum Unternehmen Umsatzsteuer Identifikationsnummer (USt-ID): DE206282439 Berufshaftpflichtversicherung Streitschlichtung und Verbraucherstreitbeilegung Wir sind nicht bereit und nicht verpflichtet an einem Streitbeilegungsverfahren vor einer Verbraucherstreitschlichtungsstelle teilzunehmen. Social Media und andere Onlinepr\u00e4senzen Dieses Impressum gilt auch f\u00fcr die folgenden Social-Media-Pr\u00e4senzen\u2026","rel":"","context":"Similar post","block_context":{"text":"Similar post","link":""},"img":{"alt_text":"","src":"","width":0,"height":0},"classes":[]},{"id":12,"url":"https:\/\/shop.darkk.band\/en\/widerrufsbelehrung\/","url_meta":{"origin":11,"position":1},"title":"Instructions on withdrawal","author":"admin","date":"January 28, 2019","format":false,"excerpt":"[:en] Right of withdrawal You have the right to withdraw from this contract within 14 days without giving any reason. The withdrawal period will expire after 14 days from the day on which you acquire, or a third party other than the carrier and indicated by you acquires, physical possession\u2026","rel":"","context":"Similar post","block_context":{"text":"Similar post","link":""},"img":{"alt_text":"","src":"","width":0,"height":0},"classes":[]}],"_links":{"self":[{"href":"https:\/\/shop.darkk.band\/en\/wp-json\/wp\/v2\/pages\/11","targetHints":{"allow":["GET"]}}],"collection":[{"href":"https:\/\/shop.darkk.band\/en\/wp-json\/wp\/v2\/pages"}],"about":[{"href":"https:\/\/shop.darkk.band\/en\/wp-json\/wp\/v2\/types\/page"}],"author":[{"embeddable":true,"href":"https:\/\/shop.darkk.band\/en\/wp-json\/wp\/v2\/users\/1"}],"replies":[{"embeddable":true,"href":"https:\/\/shop.darkk.band\/en\/wp-json\/wp\/v2\/comments?post=11"}],"version-history":[{"count":2,"href":"https:\/\/shop.darkk.band\/en\/wp-json\/wp\/v2\/pages\/11\/revisions"}],"predecessor-version":[{"id":13390,"href":"https:\/\/shop.darkk.band\/en\/wp-json\/wp\/v2\/pages\/11\/revisions\/13390"}],"wp:attachment":[{"href":"https:\/\/shop.darkk.band\/en\/wp-json\/wp\/v2\/media?parent=11"}],"curies":[{"name":"wp","href":"https:\/\/api.w.org\/{rel}","templated":true}]}}