{"id":14,"date":"2019-01-28T20:31:00","date_gmt":"2019-01-28T20:31:00","guid":{"rendered":"https:\/\/sar.msku.de\/?page_id=14"},"modified":"2019-01-28T20:31:00","modified_gmt":"2019-01-28T20:31:00","slug":"bezahlmoeglichkeiten","status":"publish","type":"page","link":"https:\/\/shop.darkk.band\/en\/bezahlmoeglichkeiten\/","title":{"rendered":"Zahlungsarten"},"content":{"rendered":"<div class=\"woocommerce woocommerce-gzd\">\n\t<ul class=\"payment_methods methods\">\n\t\t\t\t\t<li class=\"payment_method_stripe\">\n\t\t\t\t<label>Stripe<\/label>\n\t\t\t\t\t\t\t\t\t<div class=\"payment_box payment_method_stripe\">\n\t\t\t\t\t\t<p><\/p>\n\t\t\t\t\t<\/div>\n\t\t\t\t\t\t\t<\/li>\n\t\t\t\t\t<li class=\"payment_method_stripe_klarna\">\n\t\t\t\t<label>Klarna<img decoding=\"async\" src=\"https:\/\/shop.darkk.band\/wp-content\/plugins\/woocommerce-gateway-stripe\/assets\/images\/klarna.svg\" class=\"stripe-klarna-icon stripe-icon\" alt=\"Klarna\" \/><\/label>\n\t\t\t\t\t\t\t\t\t<div class=\"payment_box payment_method_stripe_klarna\">\n\t\t\t\t\t\t<p><\/p>\n\t\t\t\t\t<\/div>\n\t\t\t\t\t\t\t<\/li>\n\t\t\t\t\t<li class=\"payment_method_stripe_eps\">\n\t\t\t\t<label>EPS<img decoding=\"async\" src=\"https:\/\/shop.darkk.band\/wp-content\/plugins\/woocommerce-gateway-stripe\/assets\/images\/eps.svg\" class=\"stripe-eps-icon stripe-icon\" alt=\"EPS\" \/><\/label>\n\t\t\t\t\t\t\t\t\t<div class=\"payment_box payment_method_stripe_eps\">\n\t\t\t\t\t\t<p><\/p>\n\t\t\t\t\t<\/div>\n\t\t\t\t\t\t\t<\/li>\n\t\t\t\t\t<li class=\"payment_method_stripe_bancontact\">\n\t\t\t\t<label>Bancontact<img decoding=\"async\" src=\"https:\/\/shop.darkk.band\/wp-content\/plugins\/woocommerce-gateway-stripe\/assets\/images\/bancontact.svg\" class=\"stripe-bancontact-icon stripe-icon\" alt=\"Bancontact\" \/><\/label>\n\t\t\t\t\t\t\t\t\t<div class=\"payment_box payment_method_stripe_bancontact\">\n\t\t\t\t\t\t<p><\/p>\n\t\t\t\t\t<\/div>\n\t\t\t\t\t\t\t<\/li>\n\t\t\t\t\t<li class=\"payment_method_stripe_ideal\">\n\t\t\t\t<label>iDEAL | Wero<img decoding=\"async\" src=\"https:\/\/shop.darkk.band\/wp-content\/plugins\/woocommerce-gateway-stripe\/assets\/images\/ideal-wero.svg\" class=\"stripe-ideal-icon stripe-icon\" alt=\"iDEAL | Wero\" \/><\/label>\n\t\t\t\t\t\t\t\t\t<div class=\"payment_box payment_method_stripe_ideal\">\n\t\t\t\t\t\t<p><\/p>\n\t\t\t\t\t<\/div>\n\t\t\t\t\t\t\t<\/li>\n\t\t\t\t\t<li class=\"payment_method_stripe_sepa_debit\">\n\t\t\t\t<label>SEPA Direct Debit<img decoding=\"async\" src=\"https:\/\/shop.darkk.band\/wp-content\/plugins\/woocommerce-gateway-stripe\/assets\/images\/sepa.svg\" class=\"stripe-sepa-icon stripe-icon\" alt=\"SEPA\" \/><\/label>\n\t\t\t\t\t\t\t\t\t<div class=\"payment_box payment_method_stripe_sepa_debit\">\n\t\t\t\t\t\t<p><\/p>\n\t\t\t\t\t<\/div>\n\t\t\t\t\t\t\t<\/li>\n\t\t\t\t\t<li class=\"payment_method_stripe_p24\">\n\t\t\t\t<label>Przelewy24<img decoding=\"async\" src=\"https:\/\/shop.darkk.band\/wp-content\/plugins\/woocommerce-gateway-stripe\/assets\/images\/p24.svg\" class=\"stripe-p24-icon stripe-icon\" alt=\"P24\" \/><\/label>\n\t\t\t\t\t\t\t\t\t<div class=\"payment_box payment_method_stripe_p24\">\n\t\t\t\t\t\t<p><\/p>\n\t\t\t\t\t<\/div>\n\t\t\t\t\t\t\t<\/li>\n\t\t\t\t\t<li class=\"payment_method_stripe_link\">\n\t\t\t\t<label>Link<\/label>\n\t\t\t\t\t\t\t\t\t<div class=\"payment_box payment_method_stripe_link\">\n\t\t\t\t\t\t<p><\/p>\n\t\t\t\t\t<\/div>\n\t\t\t\t\t\t\t<\/li>\n\t\t\t\t\t<li class=\"payment_method_invoice\">\n\t\t\t\t<label>PayPal.me<\/label>\n\t\t\t\t\t\t\t\t\t<div class=\"payment_box payment_method_invoice\">\n\t\t\t\t\t\t<p>Nach Abschluss der Bestellung bekommst du von uns eine E-Mail mit einem PayPal-Link. Bitte unbedingt SPAM-FOLDER checken!<\/p>\n\t\t\t\t\t<\/div>\n\t\t\t\t\t\t\t<\/li>\n\t\t\t\t\t<li class=\"payment_method_bacs\">\n\t\t\t\t<label>Direkte Bank\u00fcberweisung<\/label>\n\t\t\t\t\t\t\t\t\t<div class=\"payment_box payment_method_bacs\">\n\t\t\t\t\t\t<p>\u00dcberweise direkt an unsere Bankverbindung. Bitte nutze die Bestellnummer als Verwendungszweck. Deine Bestellung wird erst nach Geldeingang auf unserem Konto versandt.<\/p>\n\t\t\t\t\t<\/div>\n\t\t\t\t\t\t\t<\/li>\n\t\t\t<\/ul>\n<\/div>\n","protected":false},"excerpt":{"rendered":"","protected":false},"author":1,"featured_media":0,"parent":0,"menu_order":0,"comment_status":"closed","ping_status":"closed","template":"","meta":{"jetpack_post_was_ever_published":false,"footnotes":""},"class_list":["post-14","page","type-page","status-publish","hentry"],"jetpack_sharing_enabled":true,"jetpack-related-posts":[{"id":11,"url":"https:\/\/shop.darkk.band\/en\/agb\/","url_meta":{"origin":14,"position":0},"title":"AGB","author":"admin","date":"January 28, 2019","format":false,"excerpt":"[:de]**Allgemeine Gesch\u00e4ftsbedingungen von Malik Aziz** **Allgemeines, Geltungsbereich der AGB** Alle Lieferungen und Leistungen erfolgen ausschlie\u00dflich auf der Grundlage der nachfolgenden Allgemeinen Gesch\u00e4ftsbedingungen (nachfolgend \u201eAGB\u201c) in ihrer zum Zeitpunkt der Bestellung g\u00fcltigen Fassung. Im Bereich des kaufm\u00e4nnischen Gesch\u00e4ftsverkehrs erkennen wir abweichende Bedingungen nicht an, es sei denn, wir h\u00e4tten ausdr\u00fccklich schriftlich\u2026","rel":"","context":"Similar post","block_context":{"text":"Similar post","link":""},"img":{"alt_text":"","src":"","width":0,"height":0},"classes":[]},{"id":12,"url":"https:\/\/shop.darkk.band\/en\/widerrufsbelehrung\/","url_meta":{"origin":14,"position":1},"title":"Instructions on withdrawal","author":"admin","date":"January 28, 2019","format":false,"excerpt":"[:en] Right of withdrawal You have the right to withdraw from this contract within 14 days without giving any reason. The withdrawal period will expire after 14 days from the day on which you acquire, or a third party other than the carrier and indicated by you acquires, physical possession\u2026","rel":"","context":"Similar post","block_context":{"text":"Similar post","link":""},"img":{"alt_text":"","src":"","width":0,"height":0},"classes":[]}],"_links":{"self":[{"href":"https:\/\/shop.darkk.band\/en\/wp-json\/wp\/v2\/pages\/14","targetHints":{"allow":["GET"]}}],"collection":[{"href":"https:\/\/shop.darkk.band\/en\/wp-json\/wp\/v2\/pages"}],"about":[{"href":"https:\/\/shop.darkk.band\/en\/wp-json\/wp\/v2\/types\/page"}],"author":[{"embeddable":true,"href":"https:\/\/shop.darkk.band\/en\/wp-json\/wp\/v2\/users\/1"}],"replies":[{"embeddable":true,"href":"https:\/\/shop.darkk.band\/en\/wp-json\/wp\/v2\/comments?post=14"}],"version-history":[{"count":0,"href":"https:\/\/shop.darkk.band\/en\/wp-json\/wp\/v2\/pages\/14\/revisions"}],"wp:attachment":[{"href":"https:\/\/shop.darkk.band\/en\/wp-json\/wp\/v2\/media?parent=14"}],"curies":[{"name":"wp","href":"https:\/\/api.w.org\/{rel}","templated":true}]}}