{"id":6,"date":"2019-01-28T20:29:04","date_gmt":"2019-01-28T20:29:04","guid":{"rendered":"https:\/\/sar.msku.de\/?page_id=6"},"modified":"2019-01-28T20:29:04","modified_gmt":"2019-01-28T20:29:04","slug":"warenkorb","status":"publish","type":"page","link":"https:\/\/shop.darkk.band\/en\/warenkorb\/","title":{"rendered":"Warenkorb"},"content":{"rendered":"\n","protected":false},"excerpt":{"rendered":"","protected":false},"author":1,"featured_media":0,"parent":0,"menu_order":0,"comment_status":"closed","ping_status":"closed","template":"","meta":{"jetpack_post_was_ever_published":false,"footnotes":""},"class_list":["post-6","page","type-page","status-publish","hentry"],"jetpack_sharing_enabled":true,"jetpack-related-posts":[{"id":11,"url":"https:\/\/shop.darkk.band\/en\/agb\/","url_meta":{"origin":6,"position":0},"title":"AGB","author":"admin","date":"January 28, 2019","format":false,"excerpt":"[:de]**Allgemeine Gesch\u00e4ftsbedingungen von Malik Aziz** **Allgemeines, Geltungsbereich der AGB** Alle Lieferungen und Leistungen erfolgen ausschlie\u00dflich auf der Grundlage der nachfolgenden Allgemeinen Gesch\u00e4ftsbedingungen (nachfolgend \u201eAGB\u201c) in ihrer zum Zeitpunkt der Bestellung g\u00fcltigen Fassung. Im Bereich des kaufm\u00e4nnischen Gesch\u00e4ftsverkehrs erkennen wir abweichende Bedingungen nicht an, es sei denn, wir h\u00e4tten ausdr\u00fccklich schriftlich\u2026","rel":"","context":"Similar post","block_context":{"text":"Similar post","link":""},"img":{"alt_text":"","src":"","width":0,"height":0},"classes":[]}],"_links":{"self":[{"href":"https:\/\/shop.darkk.band\/en\/wp-json\/wp\/v2\/pages\/6","targetHints":{"allow":["GET"]}}],"collection":[{"href":"https:\/\/shop.darkk.band\/en\/wp-json\/wp\/v2\/pages"}],"about":[{"href":"https:\/\/shop.darkk.band\/en\/wp-json\/wp\/v2\/types\/page"}],"author":[{"embeddable":true,"href":"https:\/\/shop.darkk.band\/en\/wp-json\/wp\/v2\/users\/1"}],"replies":[{"embeddable":true,"href":"https:\/\/shop.darkk.band\/en\/wp-json\/wp\/v2\/comments?post=6"}],"version-history":[{"count":0,"href":"https:\/\/shop.darkk.band\/en\/wp-json\/wp\/v2\/pages\/6\/revisions"}],"wp:attachment":[{"href":"https:\/\/shop.darkk.band\/en\/wp-json\/wp\/v2\/media?parent=6"}],"curies":[{"name":"wp","href":"https:\/\/api.w.org\/{rel}","templated":true}]}}