{"id":9,"date":"2019-01-28T20:31:00","date_gmt":"2019-01-28T20:31:00","guid":{"rendered":"https:\/\/sar.msku.de\/?page_id=9"},"modified":"2019-01-28T20:31:00","modified_gmt":"2019-01-28T20:31:00","slug":"datenschutzbelehrung","status":"publish","type":"page","link":"https:\/\/shop.darkk.band\/en\/datenschutzbelehrung\/","title":{"rendered":"Datenschutzbelehrung"},"content":{"rendered":"","protected":false},"excerpt":{"rendered":"","protected":false},"author":1,"featured_media":0,"parent":0,"menu_order":0,"comment_status":"closed","ping_status":"closed","template":"","meta":{"jetpack_post_was_ever_published":false,"footnotes":""},"class_list":["post-9","page","type-page","status-publish","hentry"],"jetpack_sharing_enabled":true,"jetpack-related-posts":[{"id":10,"url":"https:\/\/shop.darkk.band\/en\/impressum\/","url_meta":{"origin":9,"position":0},"title":"Impressum","author":"admin","date":"January 28, 2019","format":false,"excerpt":"[:de]Impressum Diensteanbieter Malik Aziz Stephanstr. 43-45 52064 Aachen Deutschland Kontaktm\u00f6glichkeiten E-Mail-Adresse: malik@darkk.band Angaben zum Unternehmen Umsatzsteuer Identifikationsnummer (USt-ID): DE206282439 Berufshaftpflichtversicherung Streitschlichtung und Verbraucherstreitbeilegung Wir sind nicht bereit und nicht verpflichtet an einem Streitbeilegungsverfahren vor einer Verbraucherstreitschlichtungsstelle teilzunehmen. Social Media und andere Onlinepr\u00e4senzen Dieses Impressum gilt auch f\u00fcr die folgenden Social-Media-Pr\u00e4senzen\u2026","rel":"","context":"Similar post","block_context":{"text":"Similar post","link":""},"img":{"alt_text":"","src":"","width":0,"height":0},"classes":[]},{"id":12,"url":"https:\/\/shop.darkk.band\/en\/widerrufsbelehrung\/","url_meta":{"origin":9,"position":1},"title":"Instructions on withdrawal","author":"admin","date":"January 28, 2019","format":false,"excerpt":"[:en] Right of withdrawal You have the right to withdraw from this contract within 14 days without giving any reason. The withdrawal period will expire after 14 days from the day on which you acquire, or a third party other than the carrier and indicated by you acquires, physical possession\u2026","rel":"","context":"Similar post","block_context":{"text":"Similar post","link":""},"img":{"alt_text":"","src":"","width":0,"height":0},"classes":[]},{"id":11,"url":"https:\/\/shop.darkk.band\/en\/agb\/","url_meta":{"origin":9,"position":2},"title":"AGB","author":"admin","date":"January 28, 2019","format":false,"excerpt":"[:de]**Allgemeine Gesch\u00e4ftsbedingungen von Malik Aziz** **Allgemeines, Geltungsbereich der AGB** Alle Lieferungen und Leistungen erfolgen ausschlie\u00dflich auf der Grundlage der nachfolgenden Allgemeinen Gesch\u00e4ftsbedingungen (nachfolgend \u201eAGB\u201c) in ihrer zum Zeitpunkt der Bestellung g\u00fcltigen Fassung. Im Bereich des kaufm\u00e4nnischen Gesch\u00e4ftsverkehrs erkennen wir abweichende Bedingungen nicht an, es sei denn, wir h\u00e4tten ausdr\u00fccklich schriftlich\u2026","rel":"","context":"Similar post","block_context":{"text":"Similar post","link":""},"img":{"alt_text":"","src":"","width":0,"height":0},"classes":[]}],"_links":{"self":[{"href":"https:\/\/shop.darkk.band\/en\/wp-json\/wp\/v2\/pages\/9","targetHints":{"allow":["GET"]}}],"collection":[{"href":"https:\/\/shop.darkk.band\/en\/wp-json\/wp\/v2\/pages"}],"about":[{"href":"https:\/\/shop.darkk.band\/en\/wp-json\/wp\/v2\/types\/page"}],"author":[{"embeddable":true,"href":"https:\/\/shop.darkk.band\/en\/wp-json\/wp\/v2\/users\/1"}],"replies":[{"embeddable":true,"href":"https:\/\/shop.darkk.band\/en\/wp-json\/wp\/v2\/comments?post=9"}],"version-history":[{"count":0,"href":"https:\/\/shop.darkk.band\/en\/wp-json\/wp\/v2\/pages\/9\/revisions"}],"wp:attachment":[{"href":"https:\/\/shop.darkk.band\/en\/wp-json\/wp\/v2\/media?parent=9"}],"curies":[{"name":"wp","href":"https:\/\/api.w.org\/{rel}","templated":true}]}}